{"id":13,"date":"2025-10-17T17:49:01","date_gmt":"2025-10-17T14:49:01","guid":{"rendered":"https:\/\/egitim.intermak.tr\/index.php\/password-reset\/"},"modified":"2025-10-20T12:45:13","modified_gmt":"2025-10-20T09:45:13","slug":"password-reset","status":"publish","type":"page","link":"https:\/\/egitim.intermak.tr\/index.php\/password-reset\/","title":{"rendered":"\u015fifre s\u0131f\u0131rlama"},"content":{"rendered":"<div class=\"academy-password-reset-form-wrapper\">\n\t\t\t<h2 class=\"academy-password-reset-form-heading\">Reset Your password<\/h2>\n\t\t\t<div class=\"academy-password-reset-form-status\"><\/div>\n\t<form id=\"academy_reset_form\" class=\"academy-password-reset-form\" action=\"#\" method=\"post\">\n\t\t<input type=\"hidden\" id=\"_wpnonce\" name=\"_wpnonce\" value=\"cf4665f402\" \/><input type=\"hidden\" name=\"_wp_http_referer\" value=\"\/index.php\/wp-json\/wp\/v2\/pages\/13\" \/>\t\t<div class=\"academy-form-group\">\n\t\t\t\t\t\t<label for=\"username\">Username or Email Address<\/label>\n\t\t\t\t\t\t\t<input id=\"username\" type=\"text\" class=\"academy-form-control\" name=\"username\" value=\"\">\n\t\t<\/div>\n\t\t\t\t<div class=\"academy-form-group\">\n\t\t\t<button class=\"academy-btn academy-btn--bg-purple\" type=\"submit\">Get New Password<\/button>\n\t\t<\/div>\n\t<\/form>\n\t<p class=\"academy-password-reset-form-info\">\n\t\t<a href=\"https:\/\/egitim.intermak.tr\/index.php\/takip\/\">Back To Login<\/a>\n\t<\/p>\n<\/div>\n\n","protected":false},"excerpt":{"rendered":"<p>Reset Your password Username or Email Address Get New Password Back To Login<\/p>\n","protected":false},"author":1,"featured_media":0,"parent":0,"menu_order":0,"comment_status":"closed","ping_status":"closed","template":"academy-canvas.php","meta":{"site-sidebar-layout":"default","site-content-layout":"","ast-site-content-layout":"default","site-content-style":"default","site-sidebar-style":"default","ast-global-header-display":"","ast-banner-title-visibility":"","ast-main-header-display":"","ast-hfb-above-header-display":"","ast-hfb-below-header-display":"","ast-hfb-mobile-header-display":"","site-post-title":"","ast-breadcrumbs-content":"","ast-featured-img":"","footer-sml-layout":"","ast-disable-related-posts":"","theme-transparent-header-meta":"","adv-header-id-meta":"","stick-header-meta":"","header-above-stick-meta":"","header-main-stick-meta":"","header-below-stick-meta":"","astra-migrate-meta-layouts":"default","ast-page-background-enabled":"default","ast-page-background-meta":{"desktop":{"background-color":"var(--ast-global-color-5)","background-image":"","background-repeat":"repeat","background-position":"center center","background-size":"auto","background-attachment":"scroll","background-type":"","background-media":"","overlay-type":"","overlay-color":"","overlay-opacity":"","overlay-gradient":""},"tablet":{"background-color":"","background-image":"","background-repeat":"repeat","background-position":"center center","background-size":"auto","background-attachment":"scroll","background-type":"","background-media":"","overlay-type":"","overlay-color":"","overlay-opacity":"","overlay-gradient":""},"mobile":{"background-color":"","background-image":"","background-repeat":"repeat","background-position":"center center","background-size":"auto","background-attachment":"scroll","background-type":"","background-media":"","overlay-type":"","overlay-color":"","overlay-opacity":"","overlay-gradient":""}},"ast-content-background-meta":{"desktop":{"background-color":"var(--ast-global-color-4)","background-image":"","background-repeat":"repeat","background-position":"center center","background-size":"auto","background-attachment":"scroll","background-type":"","background-media":"","overlay-type":"","overlay-color":"","overlay-opacity":"","overlay-gradient":""},"tablet":{"background-color":"var(--ast-global-color-4)","background-image":"","background-repeat":"repeat","background-position":"center center","background-size":"auto","background-attachment":"scroll","background-type":"","background-media":"","overlay-type":"","overlay-color":"","overlay-opacity":"","overlay-gradient":""},"mobile":{"background-color":"var(--ast-global-color-4)","background-image":"","background-repeat":"repeat","background-position":"center center","background-size":"auto","background-attachment":"scroll","background-type":"","background-media":"","overlay-type":"","overlay-color":"","overlay-opacity":"","overlay-gradient":""}},"footnotes":""},"class_list":["post-13","page","type-page","status-publish","hentry"],"_links":{"self":[{"href":"https:\/\/egitim.intermak.tr\/index.php\/wp-json\/wp\/v2\/pages\/13","targetHints":{"allow":["GET"]}}],"collection":[{"href":"https:\/\/egitim.intermak.tr\/index.php\/wp-json\/wp\/v2\/pages"}],"about":[{"href":"https:\/\/egitim.intermak.tr\/index.php\/wp-json\/wp\/v2\/types\/page"}],"author":[{"embeddable":true,"href":"https:\/\/egitim.intermak.tr\/index.php\/wp-json\/wp\/v2\/users\/1"}],"replies":[{"embeddable":true,"href":"https:\/\/egitim.intermak.tr\/index.php\/wp-json\/wp\/v2\/comments?post=13"}],"version-history":[{"count":1,"href":"https:\/\/egitim.intermak.tr\/index.php\/wp-json\/wp\/v2\/pages\/13\/revisions"}],"predecessor-version":[{"id":2992,"href":"https:\/\/egitim.intermak.tr\/index.php\/wp-json\/wp\/v2\/pages\/13\/revisions\/2992"}],"wp:attachment":[{"href":"https:\/\/egitim.intermak.tr\/index.php\/wp-json\/wp\/v2\/media?parent=13"}],"curies":[{"name":"wp","href":"https:\/\/api.w.org\/{rel}","templated":true}]}}